{"id":28931,"date":"2024-02-07T13:48:38","date_gmt":"2024-02-07T12:48:38","guid":{"rendered":"https:\/\/astrahl.io\/?page_id=28931"},"modified":"2024-04-22T08:36:47","modified_gmt":"2024-04-22T06:36:47","slug":"project-w","status":"publish","type":"page","link":"https:\/\/astrahl.io\/fr\/project-w\/","title":{"rendered":"Projet W"},"content":{"rendered":"\n<div class=\"wp-block-columns is-layout-flex wp-container-core-columns-is-layout-9d6595d7 wp-block-columns-is-layout-flex\">\n<div class=\"wp-block-column is-layout-flow wp-block-column-is-layout-flow\" style=\"flex-basis:100%\"><div class=\"fusion-fullwidth fullwidth-box fusion-builder-row-1 fusion-flex-container has-pattern-background has-mask-background fusion-parallax-fixed nonhundred-percent-fullwidth non-hundred-percent-height-scrolling\" style=\"--awb-border-radius-top-left:0px;--awb-border-radius-top-right:0px;--awb-border-radius-bottom-right:0px;--awb-border-radius-bottom-left:0px;--awb-padding-top:6vw;--awb-padding-bottom:6vw;--awb-min-height:100vh;--awb-background-image:url(&quot;https:\/\/astrahl.io\/wp-content\/uploads\/2024\/02\/background_darkeffect-300x171.png&quot;);--awb-background-size:cover;--awb-flex-wrap:wrap;background-attachment:fixed;\" data-preload-img=\"https:\/\/astrahl.io\/wp-content\/uploads\/2024\/02\/background_darkeffect-300x171.png\" ><div class=\"fusion-builder-row fusion-row fusion-flex-align-items-flex-start fusion-flex-align-content-center fusion-flex-content-wrap\" style=\"max-width:1216.8px;margin-left: calc(-4% \/ 2 );margin-right: calc(-4% \/ 2 );\"><div class=\"fusion-layout-column fusion_builder_column fusion-builder-column-0 fusion_builder_column_1_1 1_1 fusion-flex-column fusion-animated\" style=\"--awb-bg-size:cover;--awb-width-large:100%;--awb-margin-top-large:60px;--awb-spacing-right-large:1.92%;--awb-margin-bottom-large:0px;--awb-spacing-left-large:1.92%;--awb-width-medium:100%;--awb-order-medium:0;--awb-spacing-right-medium:1.92%;--awb-spacing-left-medium:1.92%;--awb-width-small:100%;--awb-order-small:0;--awb-spacing-right-small:1.92%;--awb-spacing-left-small:1.92%;\" data-animationType=\"fadeInUp\" data-animationDuration=\"0.8\" data-animationOffset=\"top-into-view\"><div class=\"fusion-column-wrapper fusion-column-has-shadow fusion-flex-justify-content-center fusion-content-layout-column\"><i class=\"fb-icon-element-1 fb-icon-element fontawesome-icon fa-lock fas circle-no\" style=\"--awb-font-size:58px;--awb-margin-top:0;--awb-margin-right:0;--awb-margin-bottom:0;--awb-margin-left:0;--awb-align-self:center;\"><\/i><div class=\"fusion-title title fusion-title-1 fusion-sep-none fusion-title-center fusion-title-text fusion-title-size-one\" style=\"--awb-text-color:var(--awb-color1);--awb-margin-bottom:0px;--awb-font-size:100px;\"><h1 class=\"fusion-title-heading title-heading-center fusion-responsive-typography-calculated\" style=\"margin:0;font-size:1em;--fontSize:100;line-height:var(--awb-typography1-line-height);text-shadow:0px 5px 10px hsla(var(--awb-color8-h),var(--awb-color8-s),calc( var(--awb-color8-l) + 4% ),calc( var(--awb-color8-a) - 90% ));\">Projet W<\/h1><\/div><div class=\"fusion-text fusion-text-1 fusion-text-no-margin\" style=\"--awb-content-alignment:center;--awb-font-size:var(--awb-typography2-font-size);--awb-line-height:var(--awb-typography2-line-height);--awb-letter-spacing:var(--awb-typography2-letter-spacing);--awb-text-transform:var(--awb-typography2-text-transform);--awb-text-color:var(--awb-color1);--awb-margin-bottom:35px;--awb-text-font-family:var(--awb-typography2-font-family);--awb-text-font-weight:var(--awb-typography2-font-weight);--awb-text-font-style:var(--awb-typography2-font-style);\"><p>A venir bient\u00f4t<\/p>\n<\/div><\/div><\/div><\/div><\/div>\n<\/div>\n<\/div>\n\n\n<div id=\"#intro\" class=\"fusion-container-anchor\"><div class=\"fusion-fullwidth fullwidth-box fusion-builder-row-2 fusion-flex-container nonhundred-percent-fullwidth non-hundred-percent-height-scrolling\" style=\"--awb-border-radius-top-left:0px;--awb-border-radius-top-right:0px;--awb-border-radius-bottom-right:0px;--awb-border-radius-bottom-left:0px;--awb-padding-top:120px;--awb-padding-bottom:80px;--awb-padding-top-small:80px;--awb-background-color:#051222;--awb-flex-wrap:wrap;\" ><div class=\"fusion-builder-row fusion-row fusion-flex-align-items-flex-start fusion-flex-content-wrap\" style=\"max-width:1216.8px;margin-left: calc(-4% \/ 2 );margin-right: calc(-4% \/ 2 );\"><div class=\"fusion-layout-column fusion_builder_column fusion-builder-column-1 fusion_builder_column_1_1 1_1 fusion-flex-column\" style=\"--awb-bg-blend:overlay;--awb-bg-size:cover;--awb-width-large:100%;--awb-margin-top-large:0px;--awb-spacing-right-large:1.92%;--awb-margin-bottom-large:20px;--awb-spacing-left-large:1.92%;--awb-width-medium:100%;--awb-spacing-right-medium:1.92%;--awb-spacing-left-medium:1.92%;--awb-width-small:100%;--awb-spacing-right-small:1.92%;--awb-spacing-left-small:1.92%;\"><div class=\"fusion-column-wrapper fusion-flex-justify-content-flex-start fusion-content-layout-column\"><div class=\"fusion-title title fusion-title-2 fusion-title-center fusion-title-text fusion-title-size-two\" style=\"--awb-text-color:#ffffff;\"><div class=\"title-sep-container title-sep-container-left\"><div class=\"title-sep sep- sep-solid\" style=\"border-color:var(--awb-color4);\"><\/div><\/div><span class=\"awb-title-spacer\"><\/span><h2 class=\"fusion-title-heading title-heading-center fusion-responsive-typography-calculated\" style=\"margin:0;--fontSize:60;line-height:1.3;\">Projet W<\/h2><span class=\"awb-title-spacer\"><\/span><div class=\"title-sep-container title-sep-container-right\"><div class=\"title-sep sep- sep-solid\" style=\"border-color:var(--awb-color4);\"><\/div><\/div><\/div><div class=\"fusion-text fusion-text-2\" style=\"--awb-font-size:var(--awb-typography2-font-size);--awb-line-height:1.65em;--awb-text-color:#ffffff;\"><p><strong>Projet W<\/strong> est un projet qui arrivera prochainement, faisant partie des \u00e9l\u00e9ments essentiels de la s\u00e9rie <strong>ASTRAHL<\/strong>.<\/p>\n<p>Nous esp\u00e9rons que vous l\u2019attendez avec impatience !<\/p>\n<\/div><\/div><\/div><\/div><\/div><\/div>\n\n\n<div class=\"fusion-fullwidth fullwidth-box fusion-builder-row-3 fusion-flex-container has-pattern-background has-mask-background nonhundred-percent-fullwidth non-hundred-percent-height-scrolling\" style=\"--awb-border-radius-top-left:10px;--awb-border-radius-top-right:10px;--awb-border-radius-bottom-right:10px;--awb-border-radius-bottom-left:10px;--awb-overflow:hidden;--awb-padding-top:10px;--awb-padding-bottom:10px;--awb-padding-bottom-small:80px;--awb-flex-wrap:wrap;\" ><div class=\"fusion-builder-row fusion-row fusion-flex-align-items-stretch fusion-flex-content-wrap\" style=\"max-width:calc( 1170px + 0px );margin-left: calc(-0px \/ 2 );margin-right: calc(-0px \/ 2 );\"><div class=\"fusion-layout-column fusion_builder_column fusion-builder-column-2 fusion_builder_column_1_2 1_2 fusion-flex-column\" style=\"--awb-padding-top:15%;--awb-padding-right:15%;--awb-padding-bottom:15%;--awb-padding-left:15%;--awb-padding-top-medium:80px;--awb-padding-right-medium:60px;--awb-padding-bottom-medium:80px;--awb-padding-left-medium:60px;--awb-bg-color:var(--awb-color2);--awb-bg-color-hover:var(--awb-color2);--awb-bg-size:cover;--awb-border-color:var(--awb-color7);--awb-border-top:0px;--awb-border-style:solid;--awb-width-large:50%;--awb-margin-top-large:0px;--awb-spacing-right-large:0px;--awb-margin-bottom-large:20px;--awb-spacing-left-large:0px;--awb-width-medium:100%;--awb-spacing-right-medium:0px;--awb-spacing-left-medium:0px;--awb-width-small:100%;--awb-spacing-right-small:0px;--awb-spacing-left-small:0px;\"><div class=\"fusion-column-wrapper fusion-flex-justify-content-center fusion-content-layout-column\"><div class=\"fusion-text fusion-text-3\"><p>D&rsquo;autres projets arrivent dans la s\u00e9rie. Certains plus rapides que d&rsquo;autres. Si vous souhaitez rester inform\u00e9, n&rsquo;h\u00e9sitez pas \u00e0 nous suivre sur nos diff\u00e9rents r\u00e9seaux :<\/p>\n<\/div><div class=\"fusion-separator fusion-full-width-sep\" style=\"align-self: center;margin-left: auto;margin-right: auto;margin-top:25px;width:100%;\"><\/div><div class=\"fusion-social-links fusion-social-links-1\" style=\"--awb-margin-top:0px;--awb-margin-right:0px;--awb-margin-bottom:0px;--awb-margin-left:0px;--awb-box-border-top:0px;--awb-box-border-right:0px;--awb-box-border-bottom:0px;--awb-box-border-left:0px;--awb-icon-colors-hover:var(--awb-color4);--awb-box-colors-hover:var(--awb-color1);--awb-box-border-color:var(--awb-color3);--awb-box-border-color-hover:var(--awb-color4);\"><div class=\"fusion-social-networks color-type-custom\"><div class=\"fusion-social-networks-wrapper\"><a class=\"fusion-social-network-icon fusion-tooltip fusion-twitter awb-icon-twitter\" style=\"color:var(--awb-color6);font-size:16px;\" data-placement=\"top\" data-title=\"Twitter\" data-toggle=\"tooltip\" title=\"Twitter\" aria-label=\"twitter\" target=\"_blank\" rel=\"noopener noreferrer\" href=\"https:\/\/twitter.com\/astrahl_series\"><\/a><a class=\"fusion-social-network-icon fusion-tooltip fusion-instagram awb-icon-instagram\" style=\"color:var(--awb-color6);font-size:16px;\" data-placement=\"top\" data-title=\"Instagram\" data-toggle=\"tooltip\" title=\"Instagram\" aria-label=\"instagram\" target=\"_blank\" rel=\"noopener noreferrer\" href=\"https:\/\/www.instagram.com\/astrahl_series\/\"><\/a><\/div><\/div><\/div><\/div><\/div><div class=\"fusion-layout-column fusion_builder_column fusion-builder-column-3 fusion_builder_column_1_2 1_2 fusion-flex-column\" style=\"--awb-padding-top-medium:200px;--awb-padding-bottom-medium:200px;--awb-bg-position:center center;--awb-bg-blend:overlay;--awb-bg-size:cover;--awb-width-large:50%;--awb-margin-top-large:0px;--awb-spacing-right-large:0px;--awb-margin-bottom-large:20px;--awb-spacing-left-large:0px;--awb-width-medium:100%;--awb-spacing-right-medium:0px;--awb-spacing-left-medium:0px;--awb-width-small:100%;--awb-spacing-right-small:0px;--awb-spacing-left-small:0px;\"><div class=\"fusion-column-wrapper lazyload fusion-flex-justify-content-center fusion-content-layout-column fusion-column-has-bg-image\" data-bg-url=\"https:\/\/avada.theme-fusion.com\/promote\/wp-content\/uploads\/sites\/106\/2017\/12\/promotion_image_1-1.jpg\" data-bg=\"https:\/\/avada.theme-fusion.com\/promote\/wp-content\/uploads\/sites\/106\/2017\/12\/promotion_image_1-1.jpg\"><div class=\"fusion-image-element \" style=\"--awb-caption-title-font-family:var(--h2_typography-font-family);--awb-caption-title-font-weight:var(--h2_typography-font-weight);--awb-caption-title-font-style:var(--h2_typography-font-style);--awb-caption-title-size:var(--h2_typography-font-size);--awb-caption-title-transform:var(--h2_typography-text-transform);--awb-caption-title-line-height:var(--h2_typography-line-height);--awb-caption-title-letter-spacing:var(--h2_typography-letter-spacing);\"><span class=\" fusion-imageframe imageframe-none imageframe-1 hover-type-none\"><img decoding=\"async\" width=\"300\" height=\"200\" title=\"abstract coming soon halftone style background design\" src=\"https:\/\/astrahl.io\/wp-content\/uploads\/2024\/02\/27282-scaled.jpg\" data-orig-src=\"https:\/\/astrahl.io\/wp-content\/uploads\/2024\/02\/27282-300x200.jpg\" alt class=\"lazyload img-responsive wp-image-28870\" srcset=\"data:image\/svg+xml,%3Csvg%20xmlns%3D%27http%3A%2F%2Fwww.w3.org%2F2000%2Fsvg%27%20width%3D%272560%27%20height%3D%271707%27%20viewBox%3D%270%200%202560%201707%27%3E%3Crect%20width%3D%272560%27%20height%3D%271707%27%20fill-opacity%3D%220%22%2F%3E%3C%2Fsvg%3E\" data-srcset=\"https:\/\/astrahl.io\/wp-content\/uploads\/2024\/02\/27282-200x133.jpg 200w, https:\/\/astrahl.io\/wp-content\/uploads\/2024\/02\/27282-400x267.jpg 400w, https:\/\/astrahl.io\/wp-content\/uploads\/2024\/02\/27282-600x400.jpg 600w, https:\/\/astrahl.io\/wp-content\/uploads\/2024\/02\/27282-800x533.jpg 800w, https:\/\/astrahl.io\/wp-content\/uploads\/2024\/02\/27282-1200x800.jpg 1200w\" data-sizes=\"auto\" data-orig-sizes=\"(max-width: 1024px) 100vw, (max-width: 640px) 100vw, 600px\" \/><\/span><\/div><\/div><\/div><\/div><\/div>\n","protected":false},"excerpt":{"rendered":"","protected":false},"author":1,"featured_media":0,"parent":0,"menu_order":0,"comment_status":"closed","ping_status":"closed","template":"100-width.php","meta":{"footnotes":""},"class_list":["post-28931","page","type-page","status-publish","hentry"],"translation":{"provider":"WPGlobus","version":"2.12.2","language":"fr","enabled_languages":["en","fr"],"languages":{"en":{"title":true,"content":true,"excerpt":false},"fr":{"title":true,"content":true,"excerpt":false}}},"yoast_head":"<!-- This site is optimized with the Yoast SEO plugin v22.8 - https:\/\/yoast.com\/wordpress\/plugins\/seo\/ -->\n<title>Projet W - Astrahl<\/title>\n<meta name=\"robots\" content=\"index, follow, max-snippet:-1, max-image-preview:large, max-video-preview:-1\" \/>\n<link rel=\"canonical\" href=\"https:\/\/astrahl.io\/project-w\/\" \/>\n<meta property=\"og:locale\" content=\"fr_FR\" \/>\n<meta property=\"og:type\" content=\"article\" \/>\n<meta property=\"og:title\" content=\"Projet W - Astrahl\" \/>\n<meta property=\"og:url\" content=\"https:\/\/astrahl.io\/project-w\/\" \/>\n<meta property=\"og:site_name\" content=\"Astrahl\" \/>\n<meta property=\"article:modified_time\" content=\"2024-04-22T06:36:47+00:00\" \/>\n<meta name=\"twitter:card\" content=\"summary_large_image\" \/>\n<meta name=\"twitter:site\" content=\"@astrahl_series\" \/>\n<meta name=\"twitter:label1\" content=\"Dur\u00e9e de lecture estim\u00e9e\" \/>\n\t<meta name=\"twitter:data1\" content=\"1 minute\" \/>\n<script type=\"application\/ld+json\" class=\"yoast-schema-graph\">{\"@context\":\"https:\/\/schema.org\",\"@graph\":[{\"@type\":\"WebPage\",\"@id\":\"https:\/\/astrahl.io\/project-w\/\",\"url\":\"https:\/\/astrahl.io\/project-w\/\",\"name\":\"Projet W - Astrahl\",\"isPartOf\":{\"@id\":\"https:\/\/astrahl.io\/#website\"},\"datePublished\":\"2024-02-07T12:48:38+00:00\",\"dateModified\":\"2024-04-22T06:36:47+00:00\",\"breadcrumb\":{\"@id\":\"https:\/\/astrahl.io\/project-w\/#breadcrumb\"},\"inLanguage\":\"fr-FR\",\"potentialAction\":[{\"@type\":\"ReadAction\",\"target\":[\"https:\/\/astrahl.io\/project-w\/\"]}]},{\"@type\":\"BreadcrumbList\",\"@id\":\"https:\/\/astrahl.io\/project-w\/#breadcrumb\",\"itemListElement\":[{\"@type\":\"ListItem\",\"position\":1,\"name\":\"Home\",\"item\":\"https:\/\/astrahl.io\/\"},{\"@type\":\"ListItem\",\"position\":2,\"name\":\"Projet W\"}]},{\"@type\":\"WebSite\",\"@id\":\"https:\/\/astrahl.io\/#website\",\"url\":\"https:\/\/astrahl.io\/\",\"name\":\"Astrahl\",\"description\":\"\",\"publisher\":{\"@id\":\"https:\/\/astrahl.io\/#organization\"},\"potentialAction\":[{\"@type\":\"SearchAction\",\"target\":{\"@type\":\"EntryPoint\",\"urlTemplate\":\"https:\/\/astrahl.io\/?s={search_term_string}\"},\"query-input\":\"required name=search_term_string\"}],\"inLanguage\":\"fr-FR\"},{\"@type\":\"Organization\",\"@id\":\"https:\/\/astrahl.io\/#organization\",\"name\":\"Astrahl\",\"url\":\"https:\/\/astrahl.io\/\",\"logo\":{\"@type\":\"ImageObject\",\"inLanguage\":\"fr-FR\",\"@id\":\"https:\/\/astrahl.io\/#\/schema\/logo\/image\/\",\"url\":\"https:\/\/astrahl.io\/wp-content\/uploads\/2024\/02\/TitleScreen-without-text-1024x585.png\",\"contentUrl\":\"https:\/\/astrahl.io\/wp-content\/uploads\/2024\/02\/TitleScreen-without-text-1024x585.png\",\"width\":1024,\"height\":585,\"caption\":\"Astrahl\"},\"image\":{\"@id\":\"https:\/\/astrahl.io\/#\/schema\/logo\/image\/\"},\"sameAs\":[\"https:\/\/x.com\/astrahl_series\",\"https:\/\/www.instagram.com\/astrahl_series\/\"]}]}<\/script>\n<!-- \/ Yoast SEO plugin. -->","yoast_head_json":{"title":"Projet W - Astrahl","robots":{"index":"index","follow":"follow","max-snippet":"max-snippet:-1","max-image-preview":"max-image-preview:large","max-video-preview":"max-video-preview:-1"},"canonical":"https:\/\/astrahl.io\/project-w\/","og_locale":"fr_FR","og_type":"article","og_title":"Projet W - Astrahl","og_url":"https:\/\/astrahl.io\/project-w\/","og_site_name":"Astrahl","article_modified_time":"2024-04-22T06:36:47+00:00","twitter_card":"summary_large_image","twitter_site":"@astrahl_series","twitter_misc":{"Dur\u00e9e de lecture estim\u00e9e":"1 minute"},"schema":{"@context":"https:\/\/schema.org","@graph":[{"@type":"WebPage","@id":"https:\/\/astrahl.io\/project-w\/","url":"https:\/\/astrahl.io\/project-w\/","name":"Projet W - Astrahl","isPartOf":{"@id":"https:\/\/astrahl.io\/#website"},"datePublished":"2024-02-07T12:48:38+00:00","dateModified":"2024-04-22T06:36:47+00:00","breadcrumb":{"@id":"https:\/\/astrahl.io\/project-w\/#breadcrumb"},"inLanguage":"fr-FR","potentialAction":[{"@type":"ReadAction","target":["https:\/\/astrahl.io\/project-w\/"]}]},{"@type":"BreadcrumbList","@id":"https:\/\/astrahl.io\/project-w\/#breadcrumb","itemListElement":[{"@type":"ListItem","position":1,"name":"Home","item":"https:\/\/astrahl.io\/"},{"@type":"ListItem","position":2,"name":"Projet W"}]},{"@type":"WebSite","@id":"https:\/\/astrahl.io\/#website","url":"https:\/\/astrahl.io\/","name":"Astrahl","description":"","publisher":{"@id":"https:\/\/astrahl.io\/#organization"},"potentialAction":[{"@type":"SearchAction","target":{"@type":"EntryPoint","urlTemplate":"https:\/\/astrahl.io\/?s={search_term_string}"},"query-input":"required name=search_term_string"}],"inLanguage":"fr-FR"},{"@type":"Organization","@id":"https:\/\/astrahl.io\/#organization","name":"Astrahl","url":"https:\/\/astrahl.io\/","logo":{"@type":"ImageObject","inLanguage":"fr-FR","@id":"https:\/\/astrahl.io\/#\/schema\/logo\/image\/","url":"https:\/\/astrahl.io\/wp-content\/uploads\/2024\/02\/TitleScreen-without-text-1024x585.png","contentUrl":"https:\/\/astrahl.io\/wp-content\/uploads\/2024\/02\/TitleScreen-without-text-1024x585.png","width":1024,"height":585,"caption":"Astrahl"},"image":{"@id":"https:\/\/astrahl.io\/#\/schema\/logo\/image\/"},"sameAs":["https:\/\/x.com\/astrahl_series","https:\/\/www.instagram.com\/astrahl_series\/"]}]}},"_links":{"self":[{"href":"https:\/\/astrahl.io\/fr\/wp-json\/wp\/v2\/pages\/28931","targetHints":{"allow":["GET"]}}],"collection":[{"href":"https:\/\/astrahl.io\/fr\/wp-json\/wp\/v2\/pages"}],"about":[{"href":"https:\/\/astrahl.io\/fr\/wp-json\/wp\/v2\/types\/page"}],"author":[{"embeddable":true,"href":"https:\/\/astrahl.io\/fr\/wp-json\/wp\/v2\/users\/1"}],"replies":[{"embeddable":true,"href":"https:\/\/astrahl.io\/fr\/wp-json\/wp\/v2\/comments?post=28931"}],"version-history":[{"count":15,"href":"https:\/\/astrahl.io\/fr\/wp-json\/wp\/v2\/pages\/28931\/revisions"}],"predecessor-version":[{"id":29293,"href":"https:\/\/astrahl.io\/fr\/wp-json\/wp\/v2\/pages\/28931\/revisions\/29293"}],"wp:attachment":[{"href":"https:\/\/astrahl.io\/fr\/wp-json\/wp\/v2\/media?parent=28931"}],"curies":[{"name":"wp","href":"https:\/\/api.w.org\/{rel}","templated":true}]}}